{"id":10460,"date":"2023-11-03T11:49:21","date_gmt":"2023-11-03T10:49:21","guid":{"rendered":"https:\/\/escolanauticamedinya.com\/?post_type=product&#038;p=10460"},"modified":"2025-01-03T16:35:54","modified_gmt":"2025-01-03T15:35:54","slug":"curso-licencia-de-navegacion","status":"publish","type":"product","link":"https:\/\/escolanauticamedinya.com\/ca\/producte\/curso-licencia-de-navegacion\/","title":{"rendered":"Curso Licencia de Navegaci\u00f3n"},"content":{"rendered":"<p>Curso de Licencia de navegaci\u00f3n en una ma\u00f1ana, sin examen, en Palam\u00f3s (Port Marina). Acompa\u00f1ado por un patr\u00f3n profesional que te guiar\u00e1 en cada paso, garantizando una experiencia enriquecedora y segura. \u00a1Complementa tu formaci\u00f3n y navega con confianza!<\/p>\n<p><strong>Requisitos:<\/strong><\/p>\n<ul>\n<li>Tener al menos 16 a\u00f1os (Con autorizaci\u00f3n paterna\/materna\/tutor)<\/li>\n<\/ul>\n<p><strong>Lo que ofrecemos:<\/strong><\/p>\n<ul>\n<li>Material did\u00e1ctico de primera mano.<\/li>\n<li>Salida real con la embarcaci\u00f3n para vivir la experiencia en el mar.<\/li>\n<li>Combustible incluido.<\/li>\n<li>La gu\u00eda y experiencia de un patr\u00f3n profesional a tu lado.<\/li>\n<li>Precio con 21% de IVA. incluido.<\/li>\n<\/ul>\n<p><strong>Nota<\/strong>: Las fechas de las pr\u00e1cticas pueden variar, ya que dependen de la meteorolog\u00eda<\/p>\n","protected":false},"excerpt":{"rendered":"<p>Curso de Licencia de navegaci\u00f3n en una ma\u00f1ana, sin examen, en Palam\u00f3s (Port Marina).<\/p>\n<p>Al comprar este curso, <strong>podr\u00e1s seleccionar en el <a href=\"https:\/\/escolanauticamedinya.com\/agenda\/\">calendario<\/a> la fecha<\/strong> que mejor se adapte a ti <strong>y canjear el c\u00f3digo recibido<\/strong> para apuntarte.<\/p>\n","protected":false},"featured_media":5615,"comment_status":"closed","ping_status":"closed","template":"","meta":{"_acf_changed":false,"_tec_requires_first_save":true,"_bbp_topic_count":0,"_bbp_reply_count":0,"_bbp_total_topic_count":0,"_bbp_total_reply_count":0,"_bbp_voice_count":0,"_bbp_anonymous_reply_count":0,"_bbp_topic_count_hidden":0,"_bbp_reply_count_hidden":0,"_bbp_forum_subforum_count":0,"inline_featured_image":false,"_price":"220","_stock":"","_tribe_ticket_header":"","_tribe_default_ticket_provider":"","_tribe_ticket_capacity":"0","_ticket_start_date":"","_ticket_end_date":"","_tribe_ticket_show_description":"","_tribe_ticket_show_not_going":false,"_tribe_ticket_use_global_stock":"","_tribe_ticket_global_stock_level":"","_global_stock_mode":"","_global_stock_cap":"","_tribe_rsvp_for_event":"","_tribe_ticket_going_count":"","_tribe_ticket_not_going_count":"","_tribe_tickets_list":"[]","_tribe_ticket_has_attendee_info_fields":false,"_EventAllDay":false,"_EventTimezone":"","_EventStartDate":"","_EventEndDate":"","_EventStartDateUTC":"","_EventEndDateUTC":"","_EventShowMap":false,"_EventShowMapLink":false,"_EventURL":"","_EventCost":"","_EventCostDescription":"","_EventCurrencySymbol":"","_EventCurrencyCode":"","_EventCurrencyPosition":"","_EventDateTimeSeparator":"","_EventTimeRangeSeparator":"","_EventOrganizerID":[],"_EventVenueID":[],"_OrganizerEmail":"","_OrganizerPhone":"","_OrganizerWebsite":"","_VenueAddress":"","_VenueCity":"","_VenueCountry":"","_VenueProvince":"","_VenueState":"","_VenueZip":"","_VenuePhone":"","_VenueURL":"","_VenueStateProvince":"","_VenueLat":"","_VenueLng":"","_VenueShowMap":false,"_VenueShowMapLink":false,"_tribe_blocks_recurrence_rules":"","_tribe_blocks_recurrence_description":"","_tribe_blocks_recurrence_exclusions":"","_tec_slr_enabled":"","_tec_slr_layout":""},"product_brand":[],"product_cat":[51,54,105],"product_tag":[],"class_list":{"0":"post-10460","1":"product","2":"type-product","3":"status-publish","4":"has-post-thumbnail","6":"product_cat-cursos-nauticos","7":"product_cat-licencia-de-navegacion-ln","8":"product_cat-ln-completo","10":"first","11":"instock","12":"virtual","13":"taxable","14":"purchasable","15":"product-type-simple"},"acf":[],"_links":{"self":[{"href":"https:\/\/escolanauticamedinya.com\/ca\/wp-json\/wp\/v2\/product\/10460","targetHints":{"allow":["GET"]}}],"collection":[{"href":"https:\/\/escolanauticamedinya.com\/ca\/wp-json\/wp\/v2\/product"}],"about":[{"href":"https:\/\/escolanauticamedinya.com\/ca\/wp-json\/wp\/v2\/types\/product"}],"replies":[{"embeddable":true,"href":"https:\/\/escolanauticamedinya.com\/ca\/wp-json\/wp\/v2\/comments?post=10460"}],"wp:featuredmedia":[{"embeddable":true,"href":"https:\/\/escolanauticamedinya.com\/ca\/wp-json\/wp\/v2\/media\/5615"}],"wp:attachment":[{"href":"https:\/\/escolanauticamedinya.com\/ca\/wp-json\/wp\/v2\/media?parent=10460"}],"wp:term":[{"taxonomy":"product_brand","embeddable":true,"href":"https:\/\/escolanauticamedinya.com\/ca\/wp-json\/wp\/v2\/product_brand?post=10460"},{"taxonomy":"product_cat","embeddable":true,"href":"https:\/\/escolanauticamedinya.com\/ca\/wp-json\/wp\/v2\/product_cat?post=10460"},{"taxonomy":"product_tag","embeddable":true,"href":"https:\/\/escolanauticamedinya.com\/ca\/wp-json\/wp\/v2\/product_tag?post=10460"}],"curies":[{"name":"wp","href":"https:\/\/api.w.org\/{rel}","templated":true}]}}