{"id":10512,"date":"2023-11-07T10:26:08","date_gmt":"2023-11-07T09:26:08","guid":{"rendered":"https:\/\/escolanauticamedinya.com\/?post_type=product&#038;p=10512"},"modified":"2025-01-29T11:50:51","modified_gmt":"2025-01-29T10:50:51","slug":"capitan-de-yate-online","status":"publish","type":"product","link":"https:\/\/escolanauticamedinya.com\/ca\/producte\/capitan-de-yate-online\/","title":{"rendered":"Capit\u00e1n de Yate Online"},"content":{"rendered":"<p><strong>Curso online de Capit\u00e1n de Yate<\/strong>. Dise\u00f1ado para proporcionar una base s\u00f3lida en conocimientos mar\u00edtimos, este curso cubre todos los aspectos fundamentales que una persona con el carnet de C.YATE debe conocer. Desde la navegaci\u00f3n hasta la regulaci\u00f3n mar\u00edtima, te preparamos para enfrentarte a los desaf\u00edos del mar con confianza y destreza. Con materiales de estudio de calidad y la gu\u00eda de instructores experimentados, te ofrecemos una experiencia educativa completa y enriquecedora.<\/p>\n<p><strong>Caracter\u00edsticas:<\/strong><\/p>\n<p><strong>Contenido Exhaustivo:<\/strong> Cobertura completa de la teor\u00eda del Capit\u00e1n de Yate.<br \/>\n<strong>Materiales de Calidad:<\/strong> Acceso a recursos, diagramas y ejercicios actualizados.<br \/>\n<strong>Instrucci\u00f3n Experta:<\/strong> Profesionales con experiencia en el sector n\u00e1utico dispuestos a resolver tus dudas.<\/p>\n<p><strong>Beneficios:<\/strong><\/p>\n<p><strong>Base S\u00f3lida:<\/strong> Adquiere los conocimientos fundamentales para navegar con seguridad y eficacia.<br \/>\n<strong>Flexibilidad:<\/strong> Estudia a tu ritmo y accede a los materiales cuando lo necesites.<br \/>\n<strong>Preparaci\u00f3n para el Examen:<\/strong> Te preparamos de forma \u00f3ptima para superar el examen oficial del PER.<\/p>\n","protected":false},"excerpt":{"rendered":"<p><strong>Curso ONLINE del Capit\u00e1n de Yate.<\/strong> Aprende todos los fundamentos mar\u00edtimos de la mano de expertos y prep\u00e1rate para ser un patr\u00f3n de embarcaci\u00f3n competente y seguro. \u00a1Navega hacia el \u00e9xito con una formaci\u00f3n de calidad!<\/p>\n","protected":false},"featured_media":5609,"comment_status":"closed","ping_status":"closed","template":"","meta":{"_acf_changed":false,"_tec_requires_first_save":true,"_bbp_topic_count":0,"_bbp_reply_count":0,"_bbp_total_topic_count":0,"_bbp_total_reply_count":0,"_bbp_voice_count":0,"_bbp_anonymous_reply_count":0,"_bbp_topic_count_hidden":0,"_bbp_reply_count_hidden":0,"_bbp_forum_subforum_count":0,"inline_featured_image":false,"_price":"240","_stock":"","_tribe_ticket_header":"","_tribe_default_ticket_provider":"","_tribe_ticket_capacity":"0","_ticket_start_date":"","_ticket_end_date":"","_tribe_ticket_show_description":"","_tribe_ticket_show_not_going":false,"_tribe_ticket_use_global_stock":"","_tribe_ticket_global_stock_level":"","_global_stock_mode":"","_global_stock_cap":"","_tribe_rsvp_for_event":"","_tribe_ticket_going_count":"","_tribe_ticket_not_going_count":"","_tribe_tickets_list":"[]","_tribe_ticket_has_attendee_info_fields":false,"_EventAllDay":false,"_EventTimezone":"","_EventStartDate":"","_EventEndDate":"","_EventStartDateUTC":"","_EventEndDateUTC":"","_EventShowMap":false,"_EventShowMapLink":false,"_EventURL":"","_EventCost":"","_EventCostDescription":"","_EventCurrencySymbol":"","_EventCurrencyCode":"","_EventCurrencyPosition":"","_EventDateTimeSeparator":"","_EventTimeRangeSeparator":"","_EventOrganizerID":[],"_EventVenueID":[],"_OrganizerEmail":"","_OrganizerPhone":"","_OrganizerWebsite":"","_VenueAddress":"","_VenueCity":"","_VenueCountry":"","_VenueProvince":"","_VenueState":"","_VenueZip":"","_VenuePhone":"","_VenueURL":"","_VenueStateProvince":"","_VenueLat":"","_VenueLng":"","_VenueShowMap":false,"_VenueShowMapLink":false,"_tribe_blocks_recurrence_rules":"","_tribe_blocks_recurrence_description":"","_tribe_blocks_recurrence_exclusions":"","_tec_slr_enabled":"","_tec_slr_layout":""},"product_brand":[],"product_cat":[127,59,51],"product_tag":[69],"class_list":{"0":"post-10512","1":"product","2":"type-product","3":"status-publish","4":"has-post-thumbnail","6":"product_cat-c-yate-online","7":"product_cat-capitan-de-yate-c-yate","8":"product_cat-cursos-nauticos","9":"product_tag-online","11":"first","12":"instock","13":"virtual","14":"taxable","15":"purchasable","16":"product-type-simple"},"acf":[],"_links":{"self":[{"href":"https:\/\/escolanauticamedinya.com\/ca\/wp-json\/wp\/v2\/product\/10512","targetHints":{"allow":["GET"]}}],"collection":[{"href":"https:\/\/escolanauticamedinya.com\/ca\/wp-json\/wp\/v2\/product"}],"about":[{"href":"https:\/\/escolanauticamedinya.com\/ca\/wp-json\/wp\/v2\/types\/product"}],"replies":[{"embeddable":true,"href":"https:\/\/escolanauticamedinya.com\/ca\/wp-json\/wp\/v2\/comments?post=10512"}],"wp:featuredmedia":[{"embeddable":true,"href":"https:\/\/escolanauticamedinya.com\/ca\/wp-json\/wp\/v2\/media\/5609"}],"wp:attachment":[{"href":"https:\/\/escolanauticamedinya.com\/ca\/wp-json\/wp\/v2\/media?parent=10512"}],"wp:term":[{"taxonomy":"product_brand","embeddable":true,"href":"https:\/\/escolanauticamedinya.com\/ca\/wp-json\/wp\/v2\/product_brand?post=10512"},{"taxonomy":"product_cat","embeddable":true,"href":"https:\/\/escolanauticamedinya.com\/ca\/wp-json\/wp\/v2\/product_cat?post=10512"},{"taxonomy":"product_tag","embeddable":true,"href":"https:\/\/escolanauticamedinya.com\/ca\/wp-json\/wp\/v2\/product_tag?post=10512"}],"curies":[{"name":"wp","href":"https:\/\/api.w.org\/{rel}","templated":true}]}}