{"id":11574,"date":"2023-11-15T14:30:58","date_gmt":"2023-11-15T13:30:58","guid":{"rendered":"https:\/\/escolanauticamedinya.com\/?post_type=product&#038;p=11574"},"modified":"2024-10-14T18:00:19","modified_gmt":"2024-10-14T16:00:19","slug":"curso-puente-pnb-per-online","status":"publish","type":"product","link":"https:\/\/escolanauticamedinya.com\/ca\/producte\/curso-puente-pnb-per-online\/","title":{"rendered":"Curso Puente PNB &#8211; PER Online"},"content":{"rendered":"<p>Si ya tienes la titulaci\u00f3n del PNB y quieres conseguir el carnet del PER al mejor precio, tienes la opci\u00f3n de hacer el curso puente PNB &#8211; PER. Dise\u00f1ado para proporcionar una base s\u00f3lida en conocimientos mar\u00edtimos, este curso cubre todos los aspectos fundamentales que un Patr\u00f3n de Embarcaciones de Recreo debe conocer. Desde la navegaci\u00f3n costera hasta la regulaci\u00f3n mar\u00edtima, te preparamos para enfrentarte a los desaf\u00edos del mar con confianza y destreza. Con materiales de estudio de calidad y la gu\u00eda de instructores experimentados, te ofrecemos una experiencia educativa completa y enriquecedora.<\/p>\n<p><strong>Caracter\u00edsticas:<\/strong><\/p>\n<p><strong>Contenido Exhaustivo:<\/strong> Cobertura completa de la teor\u00eda del PER.<br \/>\n<strong>Materiales de Calidad:<\/strong> Acceso a recursos, diagramas y ejercicios actualizados.<br \/>\n<strong>Instrucci\u00f3n Experta:<\/strong> Profesionales con experiencia en el sector n\u00e1utico dispuestos a resolver tus dudas.<\/p>\n<p><strong>Beneficios:<\/strong><\/p>\n<p><strong>Base S\u00f3lida:<\/strong> Adquiere los conocimientos fundamentales para navegar con seguridad y eficacia.<br \/>\n<strong>Flexibilidad:<\/strong> Estudia a tu ritmo y accede a los materiales cuando lo necesites.<br \/>\n<strong>Preparaci\u00f3n para el Examen:<\/strong> Te preparamos de forma \u00f3ptima para superar el examen oficial del PER.<\/p>\n","protected":false},"excerpt":{"rendered":"<p>Emb\u00e1rcate en el apasionante mundo de la n\u00e1utica con nuestro <strong>curso puente PNB &#8211; PER ONLINE.<\/strong> Aprende todos los fundamentos mar\u00edtimos de la mano de expertos y prep\u00e1rate para ser un patr\u00f3n de embarcaci\u00f3n competente y seguro. \u00a1Navega hacia el \u00e9xito con una formaci\u00f3n de calidad!<\/p>\n","protected":false},"featured_media":5609,"comment_status":"open","ping_status":"closed","template":"","meta":{"_acf_changed":false,"_tec_requires_first_save":true,"_bbp_topic_count":0,"_bbp_reply_count":0,"_bbp_total_topic_count":0,"_bbp_total_reply_count":0,"_bbp_voice_count":0,"_bbp_anonymous_reply_count":0,"_bbp_topic_count_hidden":0,"_bbp_reply_count_hidden":0,"_bbp_forum_subforum_count":0,"inline_featured_image":false,"_price":"120","_stock":"","_tribe_ticket_header":"","_tribe_default_ticket_provider":"","_ticket_start_date":"","_ticket_end_date":"","_tribe_ticket_show_description":"","_tribe_ticket_show_not_going":false,"_tribe_ticket_use_global_stock":"","_tribe_ticket_global_stock_level":"","_global_stock_mode":"","_global_stock_cap":"","_tribe_rsvp_for_event":"","_tribe_ticket_going_count":"","_tribe_ticket_not_going_count":"","_tribe_tickets_list":"[]","_tribe_ticket_has_attendee_info_fields":false,"_EventAllDay":false,"_EventTimezone":"","_EventStartDate":"","_EventEndDate":"","_EventStartDateUTC":"","_EventEndDateUTC":"","_EventShowMap":false,"_EventShowMapLink":false,"_EventURL":"","_EventCost":"","_EventCostDescription":"","_EventCurrencySymbol":"","_EventCurrencyCode":"","_EventCurrencyPosition":"","_EventDateTimeSeparator":"","_EventTimeRangeSeparator":"","_EventOrganizerID":[],"_EventVenueID":[],"_OrganizerEmail":"","_OrganizerPhone":"","_OrganizerWebsite":"","_VenueAddress":"","_VenueCity":"","_VenueCountry":"","_VenueProvince":"","_VenueState":"","_VenueZip":"","_VenuePhone":"","_VenueURL":"","_VenueStateProvince":"","_VenueLat":"","_VenueLng":"","_VenueShowMap":false,"_VenueShowMapLink":false,"_tribe_blocks_recurrence_rules":"","_tribe_blocks_recurrence_description":"","_tribe_blocks_recurrence_exclusions":"","_tec_slr_enabled":"","_tec_slr_layout":""},"product_brand":[],"product_cat":[141,51],"product_tag":[69],"class_list":{"0":"post-11574","1":"product","2":"type-product","3":"status-publish","4":"has-post-thumbnail","6":"product_cat-pnb-per-online","7":"product_cat-cursos-nauticos","8":"product_tag-online","10":"first","11":"instock","12":"taxable","13":"shipping-taxable","14":"purchasable","15":"product-type-variable"},"acf":[],"_links":{"self":[{"href":"https:\/\/escolanauticamedinya.com\/ca\/wp-json\/wp\/v2\/product\/11574","targetHints":{"allow":["GET"]}}],"collection":[{"href":"https:\/\/escolanauticamedinya.com\/ca\/wp-json\/wp\/v2\/product"}],"about":[{"href":"https:\/\/escolanauticamedinya.com\/ca\/wp-json\/wp\/v2\/types\/product"}],"replies":[{"embeddable":true,"href":"https:\/\/escolanauticamedinya.com\/ca\/wp-json\/wp\/v2\/comments?post=11574"}],"wp:featuredmedia":[{"embeddable":true,"href":"https:\/\/escolanauticamedinya.com\/ca\/wp-json\/wp\/v2\/media\/5609"}],"wp:attachment":[{"href":"https:\/\/escolanauticamedinya.com\/ca\/wp-json\/wp\/v2\/media?parent=11574"}],"wp:term":[{"taxonomy":"product_brand","embeddable":true,"href":"https:\/\/escolanauticamedinya.com\/ca\/wp-json\/wp\/v2\/product_brand?post=11574"},{"taxonomy":"product_cat","embeddable":true,"href":"https:\/\/escolanauticamedinya.com\/ca\/wp-json\/wp\/v2\/product_cat?post=11574"},{"taxonomy":"product_tag","embeddable":true,"href":"https:\/\/escolanauticamedinya.com\/ca\/wp-json\/wp\/v2\/product_tag?post=11574"}],"curies":[{"name":"wp","href":"https:\/\/api.w.org\/{rel}","templated":true}]}}