{"id":21214,"date":"2026-01-16T09:21:32","date_gmt":"2026-01-16T08:21:32","guid":{"rendered":"https:\/\/escolanauticamedinya.com\/?post_type=product&#038;p=21214"},"modified":"2026-01-26T11:56:45","modified_gmt":"2026-01-26T10:56:45","slug":"pnb-presencial-palamos-mayo-2026-2","status":"publish","type":"product","link":"https:\/\/escolanauticamedinya.com\/ca\/producte\/pnb-presencial-palamos-mayo-2026-2\/","title":{"rendered":"PNB Presencial Palam\u00f3s | Mayo 2026"},"content":{"rendered":"<p>Inicio del curso: Viernes, 29 mayo de 2026<\/p>\n<ul>\n<li>Horario y d\u00edas de las clases:\n<ul>\n<li>Viernes,<strong> 29 de mayo,<\/strong> de 16h a 20h<\/li>\n<li>S\u00e1bado, <strong>30 de mayo,<\/strong> de 9h a 11h\n<ul>\n<li>Aula:\u00a0<strong>PALAM\u00d3S<\/strong>\u00a0\u2013 C\/Salvador Albert i Pey, s\/n, Local 11 \u2013 PORT MARINA PALAM\u00d3S, 17230 Palam\u00f3s (Girona)<\/li>\n<li>Fecha y lugar del examen: <strong>S\u00e1bado, 20 de junio de 2026 en Barcelona<\/strong><strong><br \/>\n<\/strong><\/li>\n<\/ul>\n<\/li>\n<\/ul>\n<\/li>\n<\/ul>\n<p>Zarpa hacia la aventura y toma el control de tu embarcaci\u00f3n con confianza. Con nuestro curso presencial en Girona, aprender\u00e1s todo lo necesario para ser un Patr\u00f3n de Navegaci\u00f3n B\u00e1sica. No solo obtendr\u00e1s conocimientos te\u00f3ricos, sino que estar\u00e1s respaldado por profesionales que te guiar\u00e1n paso a paso en esta traves\u00eda. Puedes escoger diferentes <strong>opciones con descuentos especiales.<\/strong><\/p>\n<p><strong>Atribuciones:<\/strong><\/p>\n<ul>\n<li>Manejo de embarcaciones de hasta 8 metros de eslora con la potencia adecuada.<\/li>\n<li>Navegaci\u00f3n tanto diurna como nocturna, hasta 5 millas en cualquier direcci\u00f3n desde un puerto, marina o refugio.<\/li>\n<li>Gobierno de motos n\u00e1uticas.<\/li>\n<\/ul>\n<p><strong><br \/>\nRequisitos:<\/strong><\/p>\n<ul>\n<li>Tener al menos <strong>16 a\u00f1os<\/strong> con consentimiento paterno.<\/li>\n<\/ul>\n<p><strong><br \/>\nLo que ofrecemos:<\/strong><\/p>\n<ul>\n<li>Material did\u00e1ctico completo y actualizado.<\/li>\n<li>Apuntes y acceso exclusivo a nuestra aula virtual.<\/li>\n<li>Clases en vivo con un profesor experto y dedicado.<\/li>\n<li>Cubrimos las tasas de examen (para una convocatoria).<\/li>\n<li>Todo incluido con un 21% de IVA.<\/li>\n<\/ul>\n<p><strong>Nota:<\/strong> Para la expedici\u00f3n de tu carnet, ser\u00e1 necesario un certificado m\u00e9dico emitido por un centro m\u00e9dico de conductores.<\/p>\n","protected":false},"excerpt":{"rendered":"<p>Convi\u00e9rtete en <strong>Patr\u00f3n de Navegaci\u00f3n B\u00e1sica<\/strong> con nuestro curso presencial en Girona. Aprende a navegar embarcaciones de hasta 8m y motos n\u00e1uticas, todo con el respaldo de expertos y material de calidad. \u00a1Zarpa hacia tu pr\u00f3ximo desaf\u00edo n\u00e1utico!<\/p>\n","protected":false},"featured_media":5615,"comment_status":"closed","ping_status":"closed","template":"","meta":{"_acf_changed":false,"_tec_requires_first_save":true,"_bbp_topic_count":0,"_bbp_reply_count":0,"_bbp_total_topic_count":0,"_bbp_total_reply_count":0,"_bbp_voice_count":0,"_bbp_anonymous_reply_count":0,"_bbp_topic_count_hidden":0,"_bbp_reply_count_hidden":0,"_bbp_forum_subforum_count":0,"inline_featured_image":false,"_price":"306.10","_stock":"20","_tribe_ticket_header":"","_tribe_default_ticket_provider":"","_tribe_ticket_capacity":"15","_ticket_start_date":"","_ticket_end_date":"","_tribe_ticket_show_description":"","_tribe_ticket_show_not_going":false,"_tribe_ticket_use_global_stock":"","_tribe_ticket_global_stock_level":"","_global_stock_mode":"","_global_stock_cap":"","_tribe_rsvp_for_event":"","_tribe_ticket_going_count":"","_tribe_ticket_not_going_count":"","_tribe_tickets_list":"[]","_tribe_ticket_has_attendee_info_fields":false,"_EventAllDay":false,"_EventTimezone":"","_EventStartDate":"","_EventEndDate":"","_EventStartDateUTC":"","_EventEndDateUTC":"","_EventShowMap":false,"_EventShowMapLink":false,"_EventURL":"","_EventCost":"","_EventCostDescription":"","_EventCurrencySymbol":"","_EventCurrencyCode":"","_EventCurrencyPosition":"","_EventDateTimeSeparator":"","_EventTimeRangeSeparator":"","_EventOrganizerID":[],"_EventVenueID":[],"_OrganizerEmail":"","_OrganizerPhone":"","_OrganizerWebsite":"","_VenueAddress":"","_VenueCity":"","_VenueCountry":"","_VenueProvince":"","_VenueState":"","_VenueZip":"","_VenuePhone":"","_VenueURL":"","_VenueStateProvince":"","_VenueLat":"","_VenueLng":"","_VenueShowMap":false,"_VenueShowMapLink":false,"_tribe_blocks_recurrence_rules":"","_tribe_blocks_recurrence_description":"","_tribe_blocks_recurrence_exclusions":"","_tec_slr_enabled":"","_tec_slr_layout":""},"product_brand":[],"product_cat":[51,56,79,133],"product_tag":[],"class_list":{"0":"post-21214","1":"product","2":"type-product","3":"status-publish","4":"has-post-thumbnail","6":"product_cat-cursos-nauticos","7":"product_cat-patron-de-navegacion-basica-pnb","8":"product_cat-pnb-curso-presencial","9":"product_cat-pnb-palamos","11":"first","12":"instock","13":"sale","14":"taxable","15":"shipping-taxable","16":"purchasable","17":"product-type-variable"},"acf":[],"_links":{"self":[{"href":"https:\/\/escolanauticamedinya.com\/ca\/wp-json\/wp\/v2\/product\/21214","targetHints":{"allow":["GET"]}}],"collection":[{"href":"https:\/\/escolanauticamedinya.com\/ca\/wp-json\/wp\/v2\/product"}],"about":[{"href":"https:\/\/escolanauticamedinya.com\/ca\/wp-json\/wp\/v2\/types\/product"}],"replies":[{"embeddable":true,"href":"https:\/\/escolanauticamedinya.com\/ca\/wp-json\/wp\/v2\/comments?post=21214"}],"wp:featuredmedia":[{"embeddable":true,"href":"https:\/\/escolanauticamedinya.com\/ca\/wp-json\/wp\/v2\/media\/5615"}],"wp:attachment":[{"href":"https:\/\/escolanauticamedinya.com\/ca\/wp-json\/wp\/v2\/media?parent=21214"}],"wp:term":[{"taxonomy":"product_brand","embeddable":true,"href":"https:\/\/escolanauticamedinya.com\/ca\/wp-json\/wp\/v2\/product_brand?post=21214"},{"taxonomy":"product_cat","embeddable":true,"href":"https:\/\/escolanauticamedinya.com\/ca\/wp-json\/wp\/v2\/product_cat?post=21214"},{"taxonomy":"product_tag","embeddable":true,"href":"https:\/\/escolanauticamedinya.com\/ca\/wp-json\/wp\/v2\/product_tag?post=21214"}],"curies":[{"name":"wp","href":"https:\/\/api.w.org\/{rel}","templated":true}]}}