{"id":21276,"date":"2026-01-16T15:32:01","date_gmt":"2026-01-16T14:32:01","guid":{"rendered":"https:\/\/escolanauticamedinya.com\/?post_type=product&#038;p=21276"},"modified":"2026-01-26T12:12:11","modified_gmt":"2026-01-26T11:12:11","slug":"per-presencial-palamos-mayo-2026-2","status":"publish","type":"product","link":"https:\/\/escolanauticamedinya.com\/ca\/producte\/per-presencial-palamos-mayo-2026-2\/","title":{"rendered":"PER Presencial Palam\u00f3s | Mayo 2026"},"content":{"rendered":"<p>Inicio del curso: Viernes, 29 de mayo de 2026<\/p>\n<p>Horario y d\u00edas de las clases:<\/p>\n<ul>\n<li style=\"list-style-type: none;\">\n<ul>\n<li>Viernes, 29 de mayo de 16:00h a 20:00h<\/li>\n<li>S\u00e1bado, 30 de mayo de 9:00h a 13:00h y de 14:00h a 18:00h<\/li>\n<li>Domingo, 31 de mayo de 9:00h a 13:00h\n<ul>\n<li>Aula:\u00a0<strong>PALAM\u00d3S<\/strong> \u2013 C\/Salvador Albert i Pey, s\/n, Local 11 &#8211; PORT MARINA PALAM\u00d3S, 17230 Palam\u00f3s (Girona)<\/li>\n<li>Fecha y lugar del examen:\u00a0<strong>20 de mayo de 2026 en Barcelona.<\/strong><\/li>\n<\/ul>\n<\/li>\n<\/ul>\n<\/li>\n<\/ul>\n<p>&nbsp;<\/p>\n<p>Navegar m\u00e1s all\u00e1 del horizonte ahora est\u00e1 a tu alcance. En la Escuela N\u00e1utica Mediny\u00e0, te ofrecemos el <strong>curso presencial para Patr\u00f3n de Embarcaci\u00f3n de Recreo (PER) en Girona<\/strong>. No solo adquirir\u00e1s las competencias te\u00f3ricas, sino que tambi\u00e9n te beneficiar\u00e1s de la experiencia pr\u00e1ctica guiada por profesionales del sector n\u00e1utico. \u00a1Eleva tus habilidades y conquista m\u00e1s millas con seguridad y confianza!<\/p>\n<p><strong>Atribuciones:<\/strong><\/p>\n<ul>\n<li>Dirige embarcaciones de hasta 15 metros de eslora con la potencia de motor adecuada.<\/li>\n<li>Navegaci\u00f3n a 12 millas de la costa y dentro del archipi\u00e9lago balear y canario.<\/li>\n<li>Navegaciones diurnas y nocturnas.<\/li>\n<li>Control de motos n\u00e1uticas.<\/li>\n<li>Con las pr\u00e1cticas complementarias de seguridad y navegaci\u00f3n: manejo de embarcaciones de hasta 24 metros y exenci\u00f3n para navegar entre la pen\u00ednsula Ib\u00e9rica y las Islas Baleares.<\/li>\n<\/ul>\n<p><strong><br \/>\nRequisitos:<\/strong><\/p>\n<ul>\n<li>Tener al menos <strong>18 a\u00f1os<\/strong><\/li>\n<\/ul>\n<p><strong><br \/>\nLo que ofrecemos:<\/strong><\/p>\n<ul>\n<li>Material did\u00e1ctico completo y de alta calidad.<\/li>\n<li>Apuntes y acceso exclusivo a nuestra aula virtual.<\/li>\n<li>Clases en vivo con un profesor experimentado.<\/li>\n<li>Transportador de \u00e1ngulos y cartas del estrecho de Gibraltar.<\/li>\n<li>Cubrimos las tasas de examen (para una convocatoria).<\/li>\n<li>Precio incluye 21% de IVA.<\/li>\n<\/ul>\n<p><strong>Nota:<\/strong> Para la expedici\u00f3n de tu carnet, ser\u00e1 necesario un certificado m\u00e9dico emitido por un centro m\u00e9dico de conductores.<\/p>\n","protected":false},"excerpt":{"rendered":"<p>Eleva tu navegaci\u00f3n con el curso <strong>PER presencial<\/strong> en la Escuela N\u00e1utica Mediny\u00e0 en Girona. Desde embarcaciones de 15m hasta traves\u00edas al archipi\u00e9lago balear, te preparamos para ser un patr\u00f3n confiable. \u00a1Descubre m\u00e1s y navega sin l\u00edmites!<\/p>\n","protected":false},"featured_media":5615,"comment_status":"closed","ping_status":"closed","template":"","meta":{"_acf_changed":false,"_tec_requires_first_save":true,"_bbp_topic_count":0,"_bbp_reply_count":0,"_bbp_total_topic_count":0,"_bbp_total_reply_count":0,"_bbp_voice_count":0,"_bbp_anonymous_reply_count":0,"_bbp_topic_count_hidden":0,"_bbp_reply_count_hidden":0,"_bbp_forum_subforum_count":0,"inline_featured_image":false,"_price":"423.20","_stock":"20","_tribe_ticket_header":"","_tribe_default_ticket_provider":"","_tribe_ticket_capacity":"20","_ticket_start_date":"","_ticket_end_date":"","_tribe_ticket_show_description":"","_tribe_ticket_show_not_going":false,"_tribe_ticket_use_global_stock":"","_tribe_ticket_global_stock_level":"","_global_stock_mode":"","_global_stock_cap":"","_tribe_rsvp_for_event":"","_tribe_ticket_going_count":"","_tribe_ticket_not_going_count":"","_tribe_tickets_list":"[]","_tribe_ticket_has_attendee_info_fields":false,"_EventAllDay":false,"_EventTimezone":"","_EventStartDate":"","_EventEndDate":"","_EventStartDateUTC":"","_EventEndDateUTC":"","_EventShowMap":false,"_EventShowMapLink":false,"_EventURL":"","_EventCost":"","_EventCostDescription":"","_EventCurrencySymbol":"","_EventCurrencyCode":"","_EventCurrencyPosition":"","_EventDateTimeSeparator":"","_EventTimeRangeSeparator":"","_EventOrganizerID":[],"_EventVenueID":[],"_OrganizerEmail":"","_OrganizerPhone":"","_OrganizerWebsite":"","_VenueAddress":"","_VenueCity":"","_VenueCountry":"","_VenueProvince":"","_VenueState":"","_VenueZip":"","_VenuePhone":"","_VenueURL":"","_VenueStateProvince":"","_VenueLat":"","_VenueLng":"","_VenueShowMap":false,"_VenueShowMapLink":false,"_tribe_blocks_recurrence_rules":"","_tribe_blocks_recurrence_description":"","_tribe_blocks_recurrence_exclusions":"","_tec_slr_enabled":"","_tec_slr_layout":""},"product_brand":[],"product_cat":[51,57,83,134],"product_tag":[66],"class_list":{"0":"post-21276","1":"product","2":"type-product","3":"status-publish","4":"has-post-thumbnail","6":"product_cat-cursos-nauticos","7":"product_cat-patron-de-embarcaciones-de-recreo-per","8":"product_cat-per-curso-presencial","9":"product_cat-per-palamos","10":"product_tag-girona","12":"first","13":"instock","14":"sale","15":"taxable","16":"shipping-taxable","17":"purchasable","18":"product-type-variable"},"acf":[],"_links":{"self":[{"href":"https:\/\/escolanauticamedinya.com\/ca\/wp-json\/wp\/v2\/product\/21276","targetHints":{"allow":["GET"]}}],"collection":[{"href":"https:\/\/escolanauticamedinya.com\/ca\/wp-json\/wp\/v2\/product"}],"about":[{"href":"https:\/\/escolanauticamedinya.com\/ca\/wp-json\/wp\/v2\/types\/product"}],"replies":[{"embeddable":true,"href":"https:\/\/escolanauticamedinya.com\/ca\/wp-json\/wp\/v2\/comments?post=21276"}],"wp:featuredmedia":[{"embeddable":true,"href":"https:\/\/escolanauticamedinya.com\/ca\/wp-json\/wp\/v2\/media\/5615"}],"wp:attachment":[{"href":"https:\/\/escolanauticamedinya.com\/ca\/wp-json\/wp\/v2\/media?parent=21276"}],"wp:term":[{"taxonomy":"product_brand","embeddable":true,"href":"https:\/\/escolanauticamedinya.com\/ca\/wp-json\/wp\/v2\/product_brand?post=21276"},{"taxonomy":"product_cat","embeddable":true,"href":"https:\/\/escolanauticamedinya.com\/ca\/wp-json\/wp\/v2\/product_cat?post=21276"},{"taxonomy":"product_tag","embeddable":true,"href":"https:\/\/escolanauticamedinya.com\/ca\/wp-json\/wp\/v2\/product_tag?post=21276"}],"curies":[{"name":"wp","href":"https:\/\/api.w.org\/{rel}","templated":true}]}}