{"id":21538,"date":"2026-02-05T17:04:51","date_gmt":"2026-02-05T16:04:51","guid":{"rendered":"https:\/\/escolanauticamedinya.com\/?post_type=product&#038;p=21538"},"modified":"2026-02-05T17:51:34","modified_gmt":"2026-02-05T16:51:34","slug":"p-yate-presencial-palamos-marzo-2026","status":"publish","type":"product","link":"https:\/\/escolanauticamedinya.com\/ca\/producte\/p-yate-presencial-palamos-marzo-2026\/","title":{"rendered":"P.Yate Presencial Palam\u00f3s | Marzo 2026"},"content":{"rendered":"<ul>\n<li style=\"list-style-type: none;\">\n<ul>\n<li>Inicio del curso: 20 de marzo de 2026.<\/li>\n<li>Fechas y horarios: Todos los <strong>viernes, de 18:30h a 21:00h<\/strong> (Excepto los viernes 3 de abril y 1 de mayo, que son festivos.)<\/li>\n<li>Aula:\u00a0<strong>PALAM\u00d3S<\/strong> \u2013 C\/Salvador Albert i Pey, s\/n, Local 11 \u2013 PORT MARINA PALAM\u00d3S, 17230 Palam\u00f3s (Girona)\n<ul>\n<li>Fecha y lugar del examen: <strong>S\u00e1bado, 20 de junio de 2026 en Barcelona<\/strong><\/li>\n<\/ul>\n<\/li>\n<\/ul>\n<\/li>\n<\/ul>\n<div class=\"flex flex-col text-sm\">\n<article class=\"text-token-text-primary w-full focus:outline-none [--shadow-height:45px] has-data-writing-block:pointer-events-none has-data-writing-block:-mt-(--shadow-height) has-data-writing-block:pt-(--shadow-height) [&amp;:has([data-writing-block])&gt;*]:pointer-events-auto scroll-mt-[calc(var(--header-height)+min(200px,max(70px,20svh)))]\" dir=\"auto\" tabindex=\"-1\" data-turn-id=\"request-WEB:5c18045b-dd68-4adf-b4a9-4d5e1c067a46-1\" data-testid=\"conversation-turn-4\" data-scroll-anchor=\"true\" data-turn=\"assistant\">\n<div class=\"text-base my-auto mx-auto pb-10 [--thread-content-margin:--spacing(4)] @w-sm\/main:[--thread-content-margin:--spacing(6)] @w-lg\/main:[--thread-content-margin:--spacing(16)] px-(--thread-content-margin)\">\n<div class=\"[--thread-content-max-width:40rem] @w-lg\/main:[--thread-content-max-width:48rem] mx-auto max-w-(--thread-content-max-width) flex-1 group\/turn-messages focus-visible:outline-hidden relative flex w-full min-w-0 flex-col agent-turn\" tabindex=\"-1\">\n<div class=\"flex max-w-full flex-col grow\">\n<div class=\"min-h-8 text-message relative flex w-full flex-col items-end gap-2 text-start break-words whitespace-normal [.text-message+&amp;]:mt-1\" dir=\"auto\" data-message-author-role=\"assistant\" data-message-id=\"de9334a6-4ccd-4772-a11d-634f104bf5f3\" data-message-model-slug=\"gpt-5-2\">\n<div class=\"flex w-full flex-col gap-1 empty:hidden first:pt-[1px]\">\n<div class=\"markdown prose dark:prose-invert w-full wrap-break-word light markdown-new-styling\">\n<p data-start=\"53\" data-end=\"400\" data-is-last-node=\"\" data-is-only-node=\"\">Da un paso m\u00e1s en tu aventura n\u00e1utica y gobierna embarcaciones de mayor eslora con seguridad. Con nuestro curso presencial en Palam\u00f3s, obtendr\u00e1s la formaci\u00f3n necesaria para ser <strong data-start=\"229\" data-end=\"247\">Patr\u00f3n de Yate<\/strong>, acompa\u00f1ado por profesionales que te guiar\u00e1n durante todo el proceso. Elige entre distintas opciones del curso y aprovecha <strong data-start=\"371\" data-end=\"396\">descuentos especiales<\/strong>.<\/p>\n<\/div>\n<\/div>\n<\/div>\n<\/div>\n<div class=\"z-0 flex min-h-[46px] justify-start\"><strong>Atribuciones:<\/strong><\/div>\n<\/div>\n<\/div>\n<\/article>\n<\/div>\n<ul>\n<li class=\"elementor-icon-list-item\"><span class=\"elementor-icon-list-text\">Embarcaciones con un m\u00e1ximo de 24 metros de eslora<\/span><\/li>\n<li class=\"elementor-icon-list-item\"><i class=\"fas fa-check-circle\" aria-hidden=\"true\"><\/i><span class=\"elementor-icon-list-text\">Sin l\u00edmite de potencia de motor<\/span><\/li>\n<li class=\"elementor-icon-list-item\"><i class=\"fas fa-check-circle\" aria-hidden=\"true\"><\/i><span class=\"elementor-icon-list-text\">Habilita para Barcos de Motor, Moto N\u00e1utica<\/span><\/li>\n<li class=\"elementor-icon-list-item\"><i class=\"fas fa-check-circle\" aria-hidden=\"true\"><\/i><span class=\"elementor-icon-list-text\">Navegaci\u00f3n permitida: Diurna, Nocturna<\/span><\/li>\n<li class=\"elementor-icon-list-item\"><i class=\"fas fa-check-circle\" aria-hidden=\"true\"><\/i><span class=\"elementor-icon-list-text\">Distancia m\u00e1xima 60 millas<\/span><\/li>\n<\/ul>\n<div class=\"elementor-element elementor-element-6cfc2102 elementor-widget elementor-widget-text-editor\" data-id=\"6cfc2102\" data-element_type=\"widget\" data-widget_type=\"text-editor.default\">\n<div class=\"elementor-widget-container\">\n<p>Para poder obtenerlo, deber\u00e1 realizar:<\/p>\n<\/div>\n<\/div>\n<div class=\"elementor-element elementor-element-3f0253e5 elementor-align-start elementor-icon-list--layout-traditional elementor-list-item-link-full_width elementor-widget elementor-widget-icon-list\" data-id=\"3f0253e5\" data-element_type=\"widget\" data-widget_type=\"icon-list.default\">\n<div class=\"elementor-widget-container\">\n<ul class=\"elementor-icon-list-items\">\n<li class=\"elementor-icon-list-item\"><i class=\"fas fa-check-circle\" aria-hidden=\"true\"><\/i><span class=\"elementor-icon-list-text\">Examen final oficial<\/span><\/li>\n<li class=\"elementor-icon-list-item\"><i class=\"fas fa-check-circle\" aria-hidden=\"true\"><\/i><span class=\"elementor-icon-list-text\">Pr\u00e1cticas de Navegaci\u00f3n y Seguridad de 48 horas<\/span><\/li>\n<\/ul>\n<\/div>\n<\/div>\n<p><strong><br \/>\nRequisitos:<\/strong><\/p>\n<ul>\n<li>Ser mayor de edad (18 a\u00f1os).<\/li>\n<\/ul>\n<p><strong><br \/>\nLo que ofrecemos:<\/strong><\/p>\n<ul>\n<li>Material did\u00e1ctico completo y actualizado.<\/li>\n<li>Apuntes y acceso exclusivo a nuestra aula virtual.<\/li>\n<li>Clases en vivo con un profesor experto y dedicado.<\/li>\n<li>Cubrimos las tasas de examen (para una convocatoria).<\/li>\n<li>Todo incluido con un 21% de IVA.<\/li>\n<\/ul>\n<p><strong>Nota:<\/strong> Para la expedici\u00f3n de tu carnet, ser\u00e1 necesario un certificado m\u00e9dico emitido por un centro m\u00e9dico de conductores.<\/p>\n","protected":false},"excerpt":{"rendered":"<p>Convi\u00e9rtete en Patr\u00f3n de Yate con nuestro curso presencial en Palam\u00f3s. Aprende a gobernar embarcaciones de mayor eslora y a realizar traves\u00edas m\u00e1s exigentes, siempre con el respaldo de expertos y material de calidad. \u00a1Da el salto y zarpa hacia nuevos retos en el mar!<\/p>\n","protected":false},"featured_media":5615,"comment_status":"closed","ping_status":"closed","template":"","meta":{"_acf_changed":false,"_tec_requires_first_save":true,"_bbp_topic_count":0,"_bbp_reply_count":0,"_bbp_total_topic_count":0,"_bbp_total_reply_count":0,"_bbp_voice_count":0,"_bbp_anonymous_reply_count":0,"_bbp_topic_count_hidden":0,"_bbp_reply_count_hidden":0,"_bbp_forum_subforum_count":0,"inline_featured_image":false,"_price":"647.95","_stock":"20","_tribe_ticket_header":"","_tribe_default_ticket_provider":"","_tribe_ticket_capacity":"15","_ticket_start_date":"","_ticket_end_date":"","_tribe_ticket_show_description":"","_tribe_ticket_show_not_going":false,"_tribe_ticket_use_global_stock":"","_tribe_ticket_global_stock_level":"","_global_stock_mode":"","_global_stock_cap":"","_tribe_rsvp_for_event":"","_tribe_ticket_going_count":"","_tribe_ticket_not_going_count":"","_tribe_tickets_list":"[]","_tribe_ticket_has_attendee_info_fields":false,"_EventAllDay":false,"_EventTimezone":"","_EventStartDate":"","_EventEndDate":"","_EventStartDateUTC":"","_EventEndDateUTC":"","_EventShowMap":false,"_EventShowMapLink":false,"_EventURL":"","_EventCost":"","_EventCostDescription":"","_EventCurrencySymbol":"","_EventCurrencyCode":"","_EventCurrencyPosition":"","_EventDateTimeSeparator":"","_EventTimeRangeSeparator":"","_EventOrganizerID":[],"_EventVenueID":[],"_OrganizerEmail":"","_OrganizerPhone":"","_OrganizerWebsite":"","_VenueAddress":"","_VenueCity":"","_VenueCountry":"","_VenueProvince":"","_VenueState":"","_VenueZip":"","_VenuePhone":"","_VenueURL":"","_VenueStateProvince":"","_VenueLat":"","_VenueLng":"","_VenueShowMap":false,"_VenueShowMapLink":false,"_tribe_blocks_recurrence_rules":"","_tribe_blocks_recurrence_description":"","_tribe_blocks_recurrence_exclusions":"","_tec_slr_enabled":"","_tec_slr_layout":""},"product_brand":[],"product_cat":[51,110,138,58],"product_tag":[],"class_list":{"0":"post-21538","1":"product","2":"type-product","3":"status-publish","4":"has-post-thumbnail","6":"product_cat-cursos-nauticos","7":"product_cat-p-yate-curso-presencial","8":"product_cat-p-yate-palamos","9":"product_cat-patron-de-yate-p-yate","11":"first","12":"instock","13":"sale","14":"taxable","15":"shipping-taxable","16":"purchasable","17":"product-type-variable"},"acf":[],"_links":{"self":[{"href":"https:\/\/escolanauticamedinya.com\/ca\/wp-json\/wp\/v2\/product\/21538","targetHints":{"allow":["GET"]}}],"collection":[{"href":"https:\/\/escolanauticamedinya.com\/ca\/wp-json\/wp\/v2\/product"}],"about":[{"href":"https:\/\/escolanauticamedinya.com\/ca\/wp-json\/wp\/v2\/types\/product"}],"replies":[{"embeddable":true,"href":"https:\/\/escolanauticamedinya.com\/ca\/wp-json\/wp\/v2\/comments?post=21538"}],"wp:featuredmedia":[{"embeddable":true,"href":"https:\/\/escolanauticamedinya.com\/ca\/wp-json\/wp\/v2\/media\/5615"}],"wp:attachment":[{"href":"https:\/\/escolanauticamedinya.com\/ca\/wp-json\/wp\/v2\/media?parent=21538"}],"wp:term":[{"taxonomy":"product_brand","embeddable":true,"href":"https:\/\/escolanauticamedinya.com\/ca\/wp-json\/wp\/v2\/product_brand?post=21538"},{"taxonomy":"product_cat","embeddable":true,"href":"https:\/\/escolanauticamedinya.com\/ca\/wp-json\/wp\/v2\/product_cat?post=21538"},{"taxonomy":"product_tag","embeddable":true,"href":"https:\/\/escolanauticamedinya.com\/ca\/wp-json\/wp\/v2\/product_tag?post=21538"}],"curies":[{"name":"wp","href":"https:\/\/api.w.org\/{rel}","templated":true}]}}