{"id":22248,"date":"2026-04-10T12:09:14","date_gmt":"2026-04-10T10:09:14","guid":{"rendered":"https:\/\/escolanauticamedinya.com\/?post_type=product&#038;p=22248"},"modified":"2026-04-10T12:24:20","modified_gmt":"2026-04-10T10:24:20","slug":"practicas-per-radio-14-y-16-abril-2026","status":"publish","type":"product","link":"https:\/\/escolanauticamedinya.com\/ca\/producte\/practicas-per-radio-14-y-16-abril-2026\/","title":{"rendered":"Pr\u00e1cticas PER Radio | 14 y 16 abril 2026"},"content":{"rendered":"<p>Haz que tu formaci\u00f3n como patr\u00f3n sea integral y pr\u00e1ctica. Con las <strong>Pr\u00e1cticas PER de Radio Operador de Corto Alcance (R.O.C.A),<\/strong> aprender\u00e1s durante 12 horas la comunicaci\u00f3n por radio en situaciones reales en el mar. Durante las pr\u00e1cticas, estar\u00e1s acompa\u00f1ado por un profesional experto que te guiar\u00e1 en cada paso, garantizando una experiencia enriquecedora y segura. \u00a1Complementa tu formaci\u00f3n y navega con confianza!<\/p>\n<p><strong>Requisitos:<\/strong><\/p>\n<ul>\n<li>Tener al menos <strong>18 a\u00f1os<\/strong><\/li>\n<\/ul>\n<p><strong><br \/>\nLo que ofrecemos:<\/strong><\/p>\n<ul>\n<li>Material did\u00e1ctico de primera mano y esencial para tus pr\u00e1cticas.<\/li>\n<li>Simulador homologado<\/li>\n<li>La gu\u00eda y experiencia de un patr\u00f3n profesional a tu lado.<\/li>\n<li>Precio con 21% de IVA. incluido.<\/li>\n<\/ul>\n","protected":false},"excerpt":{"rendered":"<p>Sum\u00e9rgete en <strong>12 horas de Pr\u00e1cticas PER Radio Operador de Corto Alcance.<\/strong> Aprende con un profesor experto, simulador homologado y material did\u00e1ctico de calidad. \u00a1Vive la navegaci\u00f3n de manera real y segura!<\/p>\n","protected":false},"featured_media":5617,"comment_status":"closed","ping_status":"closed","template":"","meta":{"_acf_changed":false,"_tec_requires_first_save":true,"_bbp_topic_count":0,"_bbp_reply_count":0,"_bbp_total_topic_count":0,"_bbp_total_reply_count":0,"_bbp_voice_count":0,"_bbp_anonymous_reply_count":0,"_bbp_topic_count_hidden":0,"_bbp_reply_count_hidden":0,"_bbp_forum_subforum_count":0,"inline_featured_image":false,"_price":"260","_stock":"0","_tribe_ticket_header":"","_tribe_default_ticket_provider":"","_tribe_ticket_capacity":"3","_ticket_start_date":"","_ticket_end_date":"","_tribe_ticket_show_description":"","_tribe_ticket_show_not_going":false,"_tribe_ticket_use_global_stock":"","_tribe_ticket_global_stock_level":"","_global_stock_mode":"","_global_stock_cap":"","_tribe_rsvp_for_event":"","_tribe_ticket_going_count":"","_tribe_ticket_not_going_count":"","_tribe_tickets_list":"[]","_tribe_ticket_has_attendee_info_fields":false,"_EventAllDay":false,"_EventTimezone":"","_EventStartDate":"","_EventEndDate":"","_EventStartDateUTC":"","_EventEndDateUTC":"","_EventShowMap":false,"_EventShowMapLink":false,"_EventURL":"","_EventCost":"","_EventCostDescription":"","_EventCurrencySymbol":"","_EventCurrencyCode":"","_EventCurrencyPosition":"","_EventDateTimeSeparator":"","_EventTimeRangeSeparator":"","_EventOrganizerID":[],"_EventVenueID":[],"_OrganizerEmail":"","_OrganizerPhone":"","_OrganizerWebsite":"","_VenueAddress":"","_VenueCity":"","_VenueCountry":"","_VenueProvince":"","_VenueState":"","_VenueZip":"","_VenuePhone":"","_VenueURL":"","_VenueStateProvince":"","_VenueLat":"","_VenueLng":"","_VenueShowMap":false,"_VenueShowMapLink":false,"_tribe_blocks_recurrence_rules":"","_tribe_blocks_recurrence_description":"","_tribe_blocks_recurrence_exclusions":"","_tec_slr_enabled":"","_tec_slr_layout":""},"product_brand":[],"product_cat":[51,57,81,52,61],"product_tag":[],"class_list":{"0":"post-22248","1":"product","2":"type-product","3":"status-publish","4":"has-post-thumbnail","6":"product_cat-cursos-nauticos","7":"product_cat-patron-de-embarcaciones-de-recreo-per","8":"product_cat-per-radio","9":"product_cat-practicas","10":"product_cat-radio","12":"first","13":"outofstock","14":"sale","15":"taxable","16":"shipping-taxable","17":"purchasable","18":"product-type-simple"},"acf":[],"_links":{"self":[{"href":"https:\/\/escolanauticamedinya.com\/ca\/wp-json\/wp\/v2\/product\/22248","targetHints":{"allow":["GET"]}}],"collection":[{"href":"https:\/\/escolanauticamedinya.com\/ca\/wp-json\/wp\/v2\/product"}],"about":[{"href":"https:\/\/escolanauticamedinya.com\/ca\/wp-json\/wp\/v2\/types\/product"}],"replies":[{"embeddable":true,"href":"https:\/\/escolanauticamedinya.com\/ca\/wp-json\/wp\/v2\/comments?post=22248"}],"wp:featuredmedia":[{"embeddable":true,"href":"https:\/\/escolanauticamedinya.com\/ca\/wp-json\/wp\/v2\/media\/5617"}],"wp:attachment":[{"href":"https:\/\/escolanauticamedinya.com\/ca\/wp-json\/wp\/v2\/media?parent=22248"}],"wp:term":[{"taxonomy":"product_brand","embeddable":true,"href":"https:\/\/escolanauticamedinya.com\/ca\/wp-json\/wp\/v2\/product_brand?post=22248"},{"taxonomy":"product_cat","embeddable":true,"href":"https:\/\/escolanauticamedinya.com\/ca\/wp-json\/wp\/v2\/product_cat?post=22248"},{"taxonomy":"product_tag","embeddable":true,"href":"https:\/\/escolanauticamedinya.com\/ca\/wp-json\/wp\/v2\/product_tag?post=22248"}],"curies":[{"name":"wp","href":"https:\/\/api.w.org\/{rel}","templated":true}]}}