{"id":3057,"date":"2023-09-22T09:49:34","date_gmt":"2023-09-22T07:49:34","guid":{"rendered":"https:\/\/escolanauticamedinya.com\/?post_type=product&#038;p=3057"},"modified":"2026-02-15T09:36:15","modified_gmt":"2026-02-15T08:36:15","slug":"pnb-online","status":"publish","type":"product","link":"https:\/\/escolanauticamedinya.com\/ca\/producte\/pnb-online\/","title":{"rendered":"PNB Online"},"content":{"rendered":"<p>Inicia tu traves\u00eda n\u00e1utica con nuestro <strong>curso online del PNB<\/strong>. Este programa ha sido cuidadosamente estructurado para brindarte una introducci\u00f3n s\u00f3lida a los fundamentos de la navegaci\u00f3n. Abarcando desde la navegaci\u00f3n b\u00e1sica hasta las primeras nociones sobre seguridad mar\u00edtima, el curso te ofrece todas las herramientas para convertirte en un patr\u00f3n responsable y capacitado. Con el respaldo de materiales did\u00e1cticos de primer nivel y la experticia de nuestro equipo de instructores, te garantizamos un aprendizaje completo y adaptado a tus necesidades.<\/p>\n<p><strong>Caracter\u00edsticas:<\/strong><\/p>\n<p><strong>Contenido Integral:<\/strong> Profundiza en todos los temas esenciales del PNB.<br \/>\n<strong>Recursos de Calidad:<\/strong> Acceso a materiales did\u00e1cticos actualizados y pertinentes.<br \/>\n<strong>Mentor\u00eda Especializada:<\/strong> Instructores con amplia trayectoria en el mundo n\u00e1utico a tu disposici\u00f3n.<br \/>\nBeneficios:<\/p>\n<p><strong>Inicio Firme:<\/strong> Consolida tu base de conocimientos para futuras especializaciones n\u00e1uticas.<br \/>\n<strong>Flexibilidad de Aprendizaje<\/strong>: Ajusta tu estudio a tus horarios y ritmo personal.<br \/>\n<strong>Optimizaci\u00f3n para el Examen:<\/strong> Te equipamos para superar con \u00e9xito el examen oficial del PNB.<\/p>\n<ul>\n<li>\n<p data-start=\"95\" data-end=\"109\"><strong data-start=\"95\" data-end=\"107\">Incluye:<\/strong><\/p>\n<ul data-start=\"110\" data-end=\"334\">\n<li data-start=\"110\" data-end=\"185\">\n<p data-start=\"112\" data-end=\"185\">Acceso al curso te\u00f3rico en nuestra aula virtual 24 horas. IVA incluido.<\/p>\n<\/li>\n<li data-start=\"110\" data-end=\"185\">\n<p data-start=\"112\" data-end=\"185\">Material did\u00e1ctico completo.<\/p>\n<\/li>\n<li data-start=\"275\" data-end=\"334\">\n<p data-start=\"277\" data-end=\"334\">Soporte por email con un tutor para resolver tus dudas.<\/p>\n<\/li>\n<\/ul>\n<p data-start=\"336\" data-end=\"353\"><strong data-start=\"336\" data-end=\"351\">No incluye:<\/strong><\/p>\n<ul data-start=\"354\" data-end=\"525\">\n<li data-start=\"354\" data-end=\"400\">\n<p data-start=\"356\" data-end=\"400\">Tasas de matriculaci\u00f3n del examen te\u00f3rico.<\/p>\n<\/li>\n<li data-start=\"401\" data-end=\"439\">\n<p data-start=\"403\" data-end=\"439\">Tasas de expedici\u00f3n y tramitaci\u00f3n.<\/p>\n<\/li>\n<li data-start=\"440\" data-end=\"477\">\n<p data-start=\"442\" data-end=\"477\">Obtenci\u00f3n del certificado m\u00e9dico.<\/p>\n<\/li>\n<li data-start=\"478\" data-end=\"525\">\n<p data-start=\"480\" data-end=\"525\">Pr\u00e1cticas obligatorias y\/o complementarias.<\/p>\n<\/li>\n<\/ul>\n<p data-start=\"527\" data-end=\"657\">\ud83d\udca1 <strong data-start=\"530\" data-end=\"579\">\u00a1Inf\u00f3rmate sobre nuestros packs de descuento!<\/strong><br data-start=\"579\" data-end=\"582\" \/>Cursos online combinados con pr\u00e1cticas obligatorias a precios especiales.<\/p>\n<\/li>\n<\/ul>\n","protected":false},"excerpt":{"rendered":"<p>Navega con confianza tras completar nuestro <strong>curso ONLINE del PNB<\/strong>. Aborda los fundamentos de la navegaci\u00f3n y prep\u00e1rate para enfrentar el mar con seguridad y conocimiento. \u00a1Da el primer paso hacia tu aventura n\u00e1utica con la mejor formaci\u00f3n!<\/p>\n","protected":false},"featured_media":5609,"comment_status":"closed","ping_status":"closed","template":"","meta":{"_acf_changed":false,"_tec_requires_first_save":true,"_bbp_topic_count":0,"_bbp_reply_count":0,"_bbp_total_topic_count":0,"_bbp_total_reply_count":0,"_bbp_voice_count":0,"_bbp_anonymous_reply_count":0,"_bbp_topic_count_hidden":0,"_bbp_reply_count_hidden":0,"_bbp_forum_subforum_count":0,"inline_featured_image":false,"_price":"100","_stock":"","_tribe_ticket_header":"","_tribe_default_ticket_provider":"","_tribe_ticket_capacity":"0","_ticket_start_date":"","_ticket_end_date":"","_tribe_ticket_show_description":"","_tribe_ticket_show_not_going":false,"_tribe_ticket_use_global_stock":"","_tribe_ticket_global_stock_level":"","_global_stock_mode":"","_global_stock_cap":"","_tribe_rsvp_for_event":"","_tribe_ticket_going_count":"","_tribe_ticket_not_going_count":"","_tribe_tickets_list":"[]","_tribe_ticket_has_attendee_info_fields":false,"_EventAllDay":false,"_EventTimezone":"","_EventStartDate":"","_EventEndDate":"","_EventStartDateUTC":"","_EventEndDateUTC":"","_EventShowMap":false,"_EventShowMapLink":false,"_EventURL":"","_EventCost":"","_EventCostDescription":"","_EventCurrencySymbol":"","_EventCurrencyCode":"","_EventCurrencyPosition":"","_EventDateTimeSeparator":"","_EventTimeRangeSeparator":"","_EventOrganizerID":[],"_EventVenueID":[],"_OrganizerEmail":"","_OrganizerPhone":"","_OrganizerWebsite":"","_VenueAddress":"","_VenueCity":"","_VenueCountry":"","_VenueProvince":"","_VenueState":"","_VenueZip":"","_VenuePhone":"","_VenueURL":"","_VenueStateProvince":"","_VenueLat":"","_VenueLng":"","_VenueShowMap":false,"_VenueShowMapLink":false,"_tribe_blocks_recurrence_rules":"","_tribe_blocks_recurrence_description":"","_tribe_blocks_recurrence_exclusions":"","_tec_slr_enabled":"","_tec_slr_layout":""},"product_brand":[],"product_cat":[51,56,124],"product_tag":[69],"class_list":{"0":"post-3057","1":"product","2":"type-product","3":"status-publish","4":"has-post-thumbnail","6":"product_cat-cursos-nauticos","7":"product_cat-patron-de-navegacion-basica-pnb","8":"product_cat-pnb-online","9":"product_tag-online","11":"first","12":"instock","13":"virtual","14":"sold-individually","15":"taxable","16":"purchasable","17":"product-type-simple"},"acf":[],"_links":{"self":[{"href":"https:\/\/escolanauticamedinya.com\/ca\/wp-json\/wp\/v2\/product\/3057","targetHints":{"allow":["GET"]}}],"collection":[{"href":"https:\/\/escolanauticamedinya.com\/ca\/wp-json\/wp\/v2\/product"}],"about":[{"href":"https:\/\/escolanauticamedinya.com\/ca\/wp-json\/wp\/v2\/types\/product"}],"replies":[{"embeddable":true,"href":"https:\/\/escolanauticamedinya.com\/ca\/wp-json\/wp\/v2\/comments?post=3057"}],"wp:featuredmedia":[{"embeddable":true,"href":"https:\/\/escolanauticamedinya.com\/ca\/wp-json\/wp\/v2\/media\/5609"}],"wp:attachment":[{"href":"https:\/\/escolanauticamedinya.com\/ca\/wp-json\/wp\/v2\/media?parent=3057"}],"wp:term":[{"taxonomy":"product_brand","embeddable":true,"href":"https:\/\/escolanauticamedinya.com\/ca\/wp-json\/wp\/v2\/product_brand?post=3057"},{"taxonomy":"product_cat","embeddable":true,"href":"https:\/\/escolanauticamedinya.com\/ca\/wp-json\/wp\/v2\/product_cat?post=3057"},{"taxonomy":"product_tag","embeddable":true,"href":"https:\/\/escolanauticamedinya.com\/ca\/wp-json\/wp\/v2\/product_tag?post=3057"}],"curies":[{"name":"wp","href":"https:\/\/api.w.org\/{rel}","templated":true}]}}