{"id":3272,"date":"2023-09-23T16:18:16","date_gmt":"2023-09-23T14:18:16","guid":{"rendered":"https:\/\/escolanauticamedinya.com\/?post_type=product&#038;p=3272"},"modified":"2024-10-16T16:03:02","modified_gmt":"2024-10-16T14:03:02","slug":"pnb-pack-practicas","status":"publish","type":"product","link":"https:\/\/escolanauticamedinya.com\/ca\/producte\/pnb-pack-practicas\/","title":{"rendered":"PNB | Pack Pr\u00e1cticas"},"content":{"rendered":"<p>Eleva tu experiencia n\u00e1utica y \u00a1hazlo al mejor precio! Nuestro <strong>pack de pr\u00e1cticas obligatorias PNB<\/strong> en navegaci\u00f3n y radio no solo te ofrece una formaci\u00f3n de primer nivel, sino tambi\u00e9n un ahorro significativo. En lugar de contratar estas pr\u00e1cticas por separado, al optar por este pack, disfrutar\u00e1s de una <strong>oferta especial<\/strong>. Adquiere habilidades esenciales en navegaci\u00f3n y radio, todo bajo la supervisi\u00f3n de expertos en el campo n\u00e1utico. Es tu oportunidad de completar tu formaci\u00f3n, enfrentarte a retos reales en el mar y hacerlo con una propuesta comercial que te beneficia. \u00a1No esperes m\u00e1s y aprovecha esta oferta exclusiva!<\/p>\n<p><strong>Lo que ofrecemos:<\/strong><\/p>\n<ul>\n<li>Pr\u00e1cticas en navegaci\u00f3n y seguridad (8 horas)<\/li>\n<li>Pr\u00e1cticas de radio (4 horas)<\/li>\n<li>Experiencia pr\u00e1ctica y real con la supervisi\u00f3n de profesionales experimentados.<\/li>\n<li>Material did\u00e1ctico de calidad para ambos m\u00f3dulos.<\/li>\n<li>Oportunidad \u00fanica de ahorro al optar por este pack en lugar de pr\u00e1cticas individuales.<\/li>\n<li>Precio final todo incluido, sin gastos ocultos ni sorpresas.<\/li>\n<\/ul>\n<p><strong>\u00bfC\u00f3mo funciona?<\/strong><\/p>\n<p>Al comprar este producto, recibir\u00e1s un cup\u00f3n del 100% de descuento para las pr\u00e1cticas. Cuando hayas decidido las fechas que desee, solamente tendr\u00e1 que a\u00f1adirlos al carrito. Cuando vaya a hacer el pago los cupones se a\u00f1adir\u00e1n autom\u00e1ticamente para que el importe total se reduzca a 0,00\u20ac.<\/p>\n","protected":false},"excerpt":{"rendered":"<p>Maximiza tu formaci\u00f3n y tu ahorro con nuestro <strong>pack especial de pr\u00e1cticas en navegaci\u00f3n y radio PNB.<\/strong> Aprende de la mano de expertos y aprovecha nuestra oferta exclusiva para obtener las mejores habilidades al mejor precio. \u00a1Formaci\u00f3n y ahorro en un solo pack!<\/p>\n","protected":false},"featured_media":8297,"comment_status":"closed","ping_status":"closed","template":"","meta":{"_acf_changed":false,"_tec_requires_first_save":true,"_bbp_topic_count":0,"_bbp_reply_count":0,"_bbp_total_topic_count":0,"_bbp_total_reply_count":0,"_bbp_voice_count":0,"_bbp_anonymous_reply_count":0,"_bbp_topic_count_hidden":0,"_bbp_reply_count_hidden":0,"_bbp_forum_subforum_count":0,"inline_featured_image":false,"_price":"313.50","_stock":"","_tribe_ticket_header":"","_tribe_default_ticket_provider":"","_tribe_ticket_capacity":"0","_ticket_start_date":"","_ticket_end_date":"","_tribe_ticket_show_description":"","_tribe_ticket_show_not_going":false,"_tribe_ticket_use_global_stock":"","_tribe_ticket_global_stock_level":"","_global_stock_mode":"","_global_stock_cap":"","_tribe_rsvp_for_event":"","_tribe_ticket_going_count":"","_tribe_ticket_not_going_count":"","_tribe_tickets_list":"[]","_tribe_ticket_has_attendee_info_fields":false,"_EventAllDay":false,"_EventTimezone":"","_EventStartDate":"","_EventEndDate":"","_EventStartDateUTC":"","_EventEndDateUTC":"","_EventShowMap":false,"_EventShowMapLink":false,"_EventURL":"","_EventCost":"","_EventCostDescription":"","_EventCurrencySymbol":"","_EventCurrencyCode":"","_EventCurrencyPosition":"","_EventDateTimeSeparator":"","_EventTimeRangeSeparator":"","_EventOrganizerID":[],"_EventVenueID":[],"_OrganizerEmail":"","_OrganizerPhone":"","_OrganizerWebsite":"","_VenueAddress":"","_VenueCity":"","_VenueCountry":"","_VenueProvince":"","_VenueState":"","_VenueZip":"","_VenuePhone":"","_VenueURL":"","_VenueStateProvince":"","_VenueLat":"","_VenueLng":"","_VenueShowMap":false,"_VenueShowMapLink":false,"_tribe_blocks_recurrence_rules":"","_tribe_blocks_recurrence_description":"","_tribe_blocks_recurrence_exclusions":"","_tec_slr_enabled":"","_tec_slr_layout":""},"product_brand":[],"product_cat":[51,60,56,76,52,70,61],"product_tag":[65,97],"class_list":{"0":"post-3272","1":"product","2":"type-product","3":"status-publish","4":"has-post-thumbnail","6":"product_cat-cursos-nauticos","7":"product_cat-navegacion-y-seguridad","8":"product_cat-patron-de-navegacion-basica-pnb","9":"product_cat-pnb-radio","10":"product_cat-practicas","11":"product_cat-practicas-pnb","12":"product_cat-radio","13":"product_tag-oferta","14":"product_tag-practicas","16":"first","17":"instock","18":"sale","19":"virtual","20":"taxable","21":"purchasable","22":"product-type-simple"},"acf":[],"_links":{"self":[{"href":"https:\/\/escolanauticamedinya.com\/ca\/wp-json\/wp\/v2\/product\/3272","targetHints":{"allow":["GET"]}}],"collection":[{"href":"https:\/\/escolanauticamedinya.com\/ca\/wp-json\/wp\/v2\/product"}],"about":[{"href":"https:\/\/escolanauticamedinya.com\/ca\/wp-json\/wp\/v2\/types\/product"}],"replies":[{"embeddable":true,"href":"https:\/\/escolanauticamedinya.com\/ca\/wp-json\/wp\/v2\/comments?post=3272"}],"wp:featuredmedia":[{"embeddable":true,"href":"https:\/\/escolanauticamedinya.com\/ca\/wp-json\/wp\/v2\/media\/8297"}],"wp:attachment":[{"href":"https:\/\/escolanauticamedinya.com\/ca\/wp-json\/wp\/v2\/media?parent=3272"}],"wp:term":[{"taxonomy":"product_brand","embeddable":true,"href":"https:\/\/escolanauticamedinya.com\/ca\/wp-json\/wp\/v2\/product_brand?post=3272"},{"taxonomy":"product_cat","embeddable":true,"href":"https:\/\/escolanauticamedinya.com\/ca\/wp-json\/wp\/v2\/product_cat?post=3272"},{"taxonomy":"product_tag","embeddable":true,"href":"https:\/\/escolanauticamedinya.com\/ca\/wp-json\/wp\/v2\/product_tag?post=3272"}],"curies":[{"name":"wp","href":"https:\/\/api.w.org\/{rel}","templated":true}]}}