{"id":3288,"date":"2023-09-23T17:24:00","date_gmt":"2023-09-23T15:24:00","guid":{"rendered":"https:\/\/escolanauticamedinya.com\/?post_type=product&#038;p=3288"},"modified":"2026-02-06T17:54:20","modified_gmt":"2026-02-06T16:54:20","slug":"per-online","status":"publish","type":"product","link":"https:\/\/escolanauticamedinya.com\/ca\/producte\/per-online\/","title":{"rendered":"PER Online"},"content":{"rendered":"<p>Ad\u00e9ntrate en el mundo n\u00e1utico con nuestro <strong>curso online del PER<\/strong>. Dise\u00f1ado para proporcionar una base s\u00f3lida en conocimientos mar\u00edtimos, este curso cubre todos los aspectos fundamentales que un Patr\u00f3n de Embarcaciones de Recreo debe conocer. Desde la navegaci\u00f3n costera hasta la regulaci\u00f3n mar\u00edtima, te preparamos para enfrentarte a los desaf\u00edos del mar con confianza y destreza. Con materiales de estudio de calidad y la gu\u00eda de instructores experimentados, te ofrecemos una experiencia educativa completa y enriquecedora.<\/p>\n<p><strong>Caracter\u00edsticas:<\/strong><\/p>\n<p><strong>Contenido Exhaustivo:<\/strong> Cobertura completa de la teor\u00eda del PER.<br \/>\n<strong>Materiales de Calidad:<\/strong> Acceso a recursos, diagramas y ejercicios actualizados.<br \/>\n<strong>Instrucci\u00f3n Experta:<\/strong> Profesionales con experiencia en el sector n\u00e1utico dispuestos a resolver tus dudas.<\/p>\n<p><strong>Beneficios:<\/strong><\/p>\n<p><strong>Base S\u00f3lida:<\/strong> Adquiere los conocimientos fundamentales para navegar con seguridad y eficacia.<br \/>\n<strong>Flexibilidad:<\/strong> Estudia a tu ritmo y accede a los materiales cuando lo necesites.<br \/>\n<strong>Preparaci\u00f3n para el Examen:<\/strong> Te preparamos de forma \u00f3ptima para superar el examen oficial del PER.<\/p>\n<ul>\n<li>\n<p data-start=\"95\" data-end=\"109\"><strong data-start=\"95\" data-end=\"107\">Incluye:<\/strong><\/p>\n<ul data-start=\"110\" data-end=\"334\">\n<li data-start=\"110\" data-end=\"185\">\n<p data-start=\"112\" data-end=\"185\">Acceso al curso te\u00f3rico en nuestra aula virtual 24 horas. IVA incluido.<\/p>\n<\/li>\n<li data-start=\"110\" data-end=\"185\">\n<p data-start=\"112\" data-end=\"185\">Material did\u00e1ctico completo: apuntes, transportador, 4 cartas n\u00e1uticas y portaminas.<\/p>\n<\/li>\n<li data-start=\"275\" data-end=\"334\">\n<p data-start=\"277\" data-end=\"334\">Soporte por email con un tutor para resolver tus dudas.<\/p>\n<\/li>\n<\/ul>\n<p data-start=\"336\" data-end=\"353\"><strong data-start=\"336\" data-end=\"351\">No incluye:<\/strong><\/p>\n<ul data-start=\"354\" data-end=\"525\">\n<li data-start=\"354\" data-end=\"400\">\n<p data-start=\"356\" data-end=\"400\">Tasas de matriculaci\u00f3n del examen te\u00f3rico.<\/p>\n<\/li>\n<li data-start=\"401\" data-end=\"439\">\n<p data-start=\"403\" data-end=\"439\">Tasas de expedici\u00f3n y tramitaci\u00f3n.<\/p>\n<\/li>\n<li data-start=\"440\" data-end=\"477\">\n<p data-start=\"442\" data-end=\"477\">Obtenci\u00f3n del certificado m\u00e9dico.<\/p>\n<\/li>\n<li data-start=\"478\" data-end=\"525\">\n<p data-start=\"480\" data-end=\"525\">Pr\u00e1cticas obligatorias y\/o complementarias.<\/p>\n<\/li>\n<\/ul>\n<p data-start=\"527\" data-end=\"657\">\ud83d\udca1 <strong data-start=\"530\" data-end=\"579\">\u00a1Inf\u00f3rmate sobre nuestros packs de descuento!<\/strong><br data-start=\"579\" data-end=\"582\" \/>Cursos online combinados con pr\u00e1cticas obligatorias a precios especiales.<\/p>\n<\/li>\n<\/ul>\n","protected":false},"excerpt":{"rendered":"<p>Emb\u00e1rcate en el apasionante mundo de la n\u00e1utica con nuestro <strong>curso ONLINE del PER.<\/strong> Aprende todos los fundamentos mar\u00edtimos de la mano de expertos y prep\u00e1rate para ser un patr\u00f3n de embarcaci\u00f3n competente y seguro. \u00a1Navega hacia el \u00e9xito con una formaci\u00f3n de calidad!<\/p>\n","protected":false},"featured_media":5609,"comment_status":"closed","ping_status":"closed","template":"","meta":{"_acf_changed":false,"_tec_requires_first_save":true,"_bbp_topic_count":0,"_bbp_reply_count":0,"_bbp_total_topic_count":0,"_bbp_total_reply_count":0,"_bbp_voice_count":0,"_bbp_anonymous_reply_count":0,"_bbp_topic_count_hidden":0,"_bbp_reply_count_hidden":0,"_bbp_forum_subforum_count":0,"inline_featured_image":false,"_price":"165","_stock":"","_tribe_ticket_header":"","_tribe_default_ticket_provider":"","_tribe_ticket_capacity":"0","_ticket_start_date":"","_ticket_end_date":"","_tribe_ticket_show_description":"","_tribe_ticket_show_not_going":false,"_tribe_ticket_use_global_stock":"","_tribe_ticket_global_stock_level":"","_global_stock_mode":"","_global_stock_cap":"","_tribe_rsvp_for_event":"","_tribe_ticket_going_count":"","_tribe_ticket_not_going_count":"","_tribe_tickets_list":"[]","_tribe_ticket_has_attendee_info_fields":false,"_EventAllDay":false,"_EventTimezone":"","_EventStartDate":"","_EventEndDate":"","_EventStartDateUTC":"","_EventEndDateUTC":"","_EventShowMap":false,"_EventShowMapLink":false,"_EventURL":"","_EventCost":"","_EventCostDescription":"","_EventCurrencySymbol":"","_EventCurrencyCode":"","_EventCurrencyPosition":"","_EventDateTimeSeparator":"","_EventTimeRangeSeparator":"","_EventOrganizerID":[],"_EventVenueID":[],"_OrganizerEmail":"","_OrganizerPhone":"","_OrganizerWebsite":"","_VenueAddress":"","_VenueCity":"","_VenueCountry":"","_VenueProvince":"","_VenueState":"","_VenueZip":"","_VenuePhone":"","_VenueURL":"","_VenueStateProvince":"","_VenueLat":"","_VenueLng":"","_VenueShowMap":false,"_VenueShowMapLink":false,"_tribe_blocks_recurrence_rules":"","_tribe_blocks_recurrence_description":"","_tribe_blocks_recurrence_exclusions":"","_tec_slr_enabled":"","_tec_slr_layout":""},"product_brand":[],"product_cat":[51,57,125],"product_tag":[69],"class_list":{"0":"post-3288","1":"product","2":"type-product","3":"status-publish","4":"has-post-thumbnail","6":"product_cat-cursos-nauticos","7":"product_cat-patron-de-embarcaciones-de-recreo-per","8":"product_cat-per-online","9":"product_tag-online","11":"first","12":"instock","13":"virtual","14":"sold-individually","15":"taxable","16":"purchasable","17":"product-type-simple"},"acf":[],"_links":{"self":[{"href":"https:\/\/escolanauticamedinya.com\/ca\/wp-json\/wp\/v2\/product\/3288","targetHints":{"allow":["GET"]}}],"collection":[{"href":"https:\/\/escolanauticamedinya.com\/ca\/wp-json\/wp\/v2\/product"}],"about":[{"href":"https:\/\/escolanauticamedinya.com\/ca\/wp-json\/wp\/v2\/types\/product"}],"replies":[{"embeddable":true,"href":"https:\/\/escolanauticamedinya.com\/ca\/wp-json\/wp\/v2\/comments?post=3288"}],"wp:featuredmedia":[{"embeddable":true,"href":"https:\/\/escolanauticamedinya.com\/ca\/wp-json\/wp\/v2\/media\/5609"}],"wp:attachment":[{"href":"https:\/\/escolanauticamedinya.com\/ca\/wp-json\/wp\/v2\/media?parent=3288"}],"wp:term":[{"taxonomy":"product_brand","embeddable":true,"href":"https:\/\/escolanauticamedinya.com\/ca\/wp-json\/wp\/v2\/product_brand?post=3288"},{"taxonomy":"product_cat","embeddable":true,"href":"https:\/\/escolanauticamedinya.com\/ca\/wp-json\/wp\/v2\/product_cat?post=3288"},{"taxonomy":"product_tag","embeddable":true,"href":"https:\/\/escolanauticamedinya.com\/ca\/wp-json\/wp\/v2\/product_tag?post=3288"}],"curies":[{"name":"wp","href":"https:\/\/api.w.org\/{rel}","templated":true}]}}