{"id":3289,"date":"2023-09-23T17:30:17","date_gmt":"2023-09-23T15:30:17","guid":{"rendered":"https:\/\/escolanauticamedinya.com\/?post_type=product&#038;p=3289"},"modified":"2023-09-29T23:37:49","modified_gmt":"2023-09-29T21:37:49","slug":"practicas-vela","status":"publish","type":"product","link":"https:\/\/escolanauticamedinya.com\/ca\/producte\/practicas-vela\/","title":{"rendered":"Pr\u00e1cticas Vela"},"content":{"rendered":"<p>Deja que el viento gu\u00ede tu camino con nuestra <strong>Habilitaci\u00f3n a Vela.<\/strong> Dise\u00f1ada especialmente para los amantes de la navegaci\u00f3n tradicional, esta formaci\u00f3n te introduce en el arte y la t\u00e9cnica de la navegaci\u00f3n a vela, d\u00e1ndote las credenciales y la experiencia necesarias para tener una traves\u00eda segura. Durante 16 horas, te sumergir\u00e1s en una experiencia pr\u00e1ctica y enriquecedora, donde el mar, el viento y las velas se convierten en tus aliados.<\/p>\n<p>Ya seas un navegante experimentado o est\u00e9s dando tus primeros pasos, esta habilitaci\u00f3n te brindar\u00e1 habilidades y conocimientos valiosos para enfrentarte al mar de manera segura y apasionada.<\/p>\n<p><strong>Lo que ofrecemos:<\/strong><\/p>\n<ul>\n<li>16 horas para la habilitaci\u00f3n a vela.<\/li>\n<li>Experiencia pr\u00e1ctica y real con la supervisi\u00f3n de profesionales experimentados.<\/li>\n<li>Material did\u00e1ctico de calidad.<\/li>\n<\/ul>\n<p><strong>\u00bfC\u00f3mo funciona?<\/strong><\/p>\n<p>Al comprar este producto, recibir\u00e1s un cup\u00f3n del 100% de descuento para las pr\u00e1cticas. Cuando haya decidido las fechas que desee, solamente tendr\u00e1 que a\u00f1adirlos al carrito. Cuando vaya a hacer el pago, los cupones se a\u00f1adir\u00e1n autom\u00e1ticamente para que el importe total se reduzca a 0,00\u202f\u20ac.<\/p>\n","protected":false},"excerpt":{"rendered":"<p>Adquiere la esencia de la navegaci\u00f3n tradicional con nuestra Habilitaci\u00f3n a Vela. <strong>16 horas de pr\u00e1ctica<\/strong> intensiva que te llevar\u00e1n a comprender y disfrutar del arte de navegar con el viento. \u00a1Eleva tus habilidades y siente la libertad del mar!<\/p>\n","protected":false},"featured_media":5619,"comment_status":"closed","ping_status":"closed","template":"","meta":{"_acf_changed":false,"_tec_requires_first_save":true,"_bbp_topic_count":0,"_bbp_reply_count":0,"_bbp_total_topic_count":0,"_bbp_total_reply_count":0,"_bbp_voice_count":0,"_bbp_anonymous_reply_count":0,"_bbp_topic_count_hidden":0,"_bbp_reply_count_hidden":0,"_bbp_forum_subforum_count":0,"inline_featured_image":false,"_price":"330","_stock":"","_tribe_ticket_header":"","_tribe_default_ticket_provider":"","_tribe_ticket_capacity":"0","_ticket_start_date":"","_ticket_end_date":"","_tribe_ticket_show_description":"","_tribe_ticket_show_not_going":false,"_tribe_ticket_use_global_stock":"","_tribe_ticket_global_stock_level":"","_global_stock_mode":"","_global_stock_cap":"","_tribe_rsvp_for_event":"","_tribe_ticket_going_count":"","_tribe_ticket_not_going_count":"","_tribe_tickets_list":"[]","_tribe_ticket_has_attendee_info_fields":false,"_EventAllDay":false,"_EventTimezone":"","_EventStartDate":"","_EventEndDate":"","_EventStartDateUTC":"","_EventEndDateUTC":"","_EventShowMap":false,"_EventShowMapLink":false,"_EventURL":"","_EventCost":"","_EventCostDescription":"","_EventCurrencySymbol":"","_EventCurrencyCode":"","_EventCurrencyPosition":"","_EventDateTimeSeparator":"","_EventTimeRangeSeparator":"","_EventOrganizerID":[],"_EventVenueID":[],"_OrganizerEmail":"","_OrganizerPhone":"","_OrganizerWebsite":"","_VenueAddress":"","_VenueCity":"","_VenueCountry":"","_VenueProvince":"","_VenueState":"","_VenueZip":"","_VenuePhone":"","_VenueURL":"","_VenueStateProvince":"","_VenueLat":"","_VenueLng":"","_VenueShowMap":false,"_VenueShowMapLink":false,"_tribe_blocks_recurrence_rules":"","_tribe_blocks_recurrence_description":"","_tribe_blocks_recurrence_exclusions":"","_tec_slr_enabled":"","_tec_slr_layout":""},"product_brand":[],"product_cat":[52,62],"product_tag":[97],"class_list":{"0":"post-3289","1":"product","2":"type-product","3":"status-publish","4":"has-post-thumbnail","6":"product_cat-practicas","7":"product_cat-vela","8":"product_tag-practicas","10":"first","11":"instock","12":"sale","13":"virtual","14":"taxable","15":"purchasable","16":"product-type-simple"},"acf":[],"_links":{"self":[{"href":"https:\/\/escolanauticamedinya.com\/ca\/wp-json\/wp\/v2\/product\/3289","targetHints":{"allow":["GET"]}}],"collection":[{"href":"https:\/\/escolanauticamedinya.com\/ca\/wp-json\/wp\/v2\/product"}],"about":[{"href":"https:\/\/escolanauticamedinya.com\/ca\/wp-json\/wp\/v2\/types\/product"}],"replies":[{"embeddable":true,"href":"https:\/\/escolanauticamedinya.com\/ca\/wp-json\/wp\/v2\/comments?post=3289"}],"wp:featuredmedia":[{"embeddable":true,"href":"https:\/\/escolanauticamedinya.com\/ca\/wp-json\/wp\/v2\/media\/5619"}],"wp:attachment":[{"href":"https:\/\/escolanauticamedinya.com\/ca\/wp-json\/wp\/v2\/media?parent=3289"}],"wp:term":[{"taxonomy":"product_brand","embeddable":true,"href":"https:\/\/escolanauticamedinya.com\/ca\/wp-json\/wp\/v2\/product_brand?post=3289"},{"taxonomy":"product_cat","embeddable":true,"href":"https:\/\/escolanauticamedinya.com\/ca\/wp-json\/wp\/v2\/product_cat?post=3289"},{"taxonomy":"product_tag","embeddable":true,"href":"https:\/\/escolanauticamedinya.com\/ca\/wp-json\/wp\/v2\/product_tag?post=3289"}],"curies":[{"name":"wp","href":"https:\/\/api.w.org\/{rel}","templated":true}]}}