{"id":3291,"date":"2023-09-23T17:44:38","date_gmt":"2023-09-23T15:44:38","guid":{"rendered":"https:\/\/escolanauticamedinya.com\/?post_type=product&#038;p=3291"},"modified":"2024-10-16T16:30:04","modified_gmt":"2024-10-16T14:30:04","slug":"per-online-completo-vela","status":"publish","type":"product","link":"https:\/\/escolanauticamedinya.com\/ca\/producte\/per-online-completo-vela\/","title":{"rendered":"PER Online Completo + Vela"},"content":{"rendered":"<p>\u00a1Todo lo que un navegante necesita en un solo pack! Hemos dise\u00f1ado este paquete pensando en el navegante ambicioso que busca una formaci\u00f3n completa y detallada. Toda la teor\u00eda online para que hagas el curso a tu ritmo, todas las pr\u00e1cticas obligatorias y habilitaci\u00f3n para pilotar barcos a vela.<\/p>\n<p>Adem\u00e1s, nos encargamos de las tasas y la expedici\u00f3n de tu carnet. Al elegir este pack, no solo obtienes una formaci\u00f3n n\u00e1utica de alto calibre, sino tambi\u00e9n un <strong>ahorro considerable.<\/strong><\/p>\n<p><strong>Lo que ofrecemos:<\/strong><\/p>\n<ul>\n<li>Curso online detallado con acceso a recursos y materiales de calidad en nuestro campus virtual.<\/li>\n<li>16 horas de pr\u00e1cticas de navegaci\u00f3n y seguridad.<\/li>\n<li>Curso de radio operador de corto alcance de 12 horas.<\/li>\n<li>16 horas para la habilitaci\u00f3n a vela.<\/li>\n<li>Todas las tasas, incluidas las de examen y matr\u00edcula.<\/li>\n<li>La expedici\u00f3n de tu carnet, sin complicaciones adicionales.<\/li>\n<li>Un precio competitivo para un paquete integral, representando un ahorro frente a opciones individuales.<\/li>\n<\/ul>\n<p><strong>\u00bfC\u00f3mo funciona?<\/strong><\/p>\n<p>Al comprar este producto, recibir\u00e1s un cup\u00f3n del 100% de descuento para las pr\u00e1cticas. Cuando haya decidido las fechas que desee, solamente tendr\u00e1 que a\u00f1adirlos al carrito. Cuando vaya a hacer el pago, los cupones se a\u00f1adir\u00e1n autom\u00e1ticamente para que el importe total se reduzca a 0,00\u202f\u20ac.<\/p>\n","protected":false},"excerpt":{"rendered":"<p>Pack integral para navegantes: curso online, pr\u00e1cticas completas y habilitaci\u00f3n para vela con todos los tr\u00e1mites incluidos. <strong>Ahorra tiempo y dinero con esta oferta<\/strong> exclusiva. \u00a1Zarpa hacia tu pr\u00f3ximo desaf\u00edo con confianza!<\/p>\n","protected":false},"featured_media":8317,"comment_status":"closed","ping_status":"closed","template":"","meta":{"_acf_changed":false,"_tec_requires_first_save":true,"_bbp_topic_count":0,"_bbp_reply_count":0,"_bbp_total_topic_count":0,"_bbp_total_reply_count":0,"_bbp_voice_count":0,"_bbp_anonymous_reply_count":0,"_bbp_topic_count_hidden":0,"_bbp_reply_count_hidden":0,"_bbp_forum_subforum_count":0,"inline_featured_image":false,"_price":"1195.70","_stock":"","_tribe_ticket_header":"","_tribe_default_ticket_provider":"","_tribe_ticket_capacity":"0","_ticket_start_date":"","_ticket_end_date":"","_tribe_ticket_show_description":"","_tribe_ticket_show_not_going":false,"_tribe_ticket_use_global_stock":"","_tribe_ticket_global_stock_level":"","_global_stock_mode":"","_global_stock_cap":"","_tribe_rsvp_for_event":"","_tribe_ticket_going_count":"","_tribe_ticket_not_going_count":"","_tribe_tickets_list":"[]","_tribe_ticket_has_attendee_info_fields":false,"_EventAllDay":false,"_EventTimezone":"","_EventStartDate":"","_EventEndDate":"","_EventStartDateUTC":"","_EventEndDateUTC":"","_EventShowMap":false,"_EventShowMapLink":false,"_EventURL":"","_EventCost":"","_EventCostDescription":"","_EventCurrencySymbol":"","_EventCurrencyCode":"","_EventCurrencyPosition":"","_EventDateTimeSeparator":"","_EventTimeRangeSeparator":"","_EventOrganizerID":[],"_EventVenueID":[],"_OrganizerEmail":"","_OrganizerPhone":"","_OrganizerWebsite":"","_VenueAddress":"","_VenueCity":"","_VenueCountry":"","_VenueProvince":"","_VenueState":"","_VenueZip":"","_VenuePhone":"","_VenueURL":"","_VenueStateProvince":"","_VenueLat":"","_VenueLng":"","_VenueShowMap":false,"_VenueShowMapLink":false,"_tribe_blocks_recurrence_rules":"","_tribe_blocks_recurrence_description":"","_tribe_blocks_recurrence_exclusions":"","_tec_slr_enabled":"","_tec_slr_layout":""},"product_brand":[],"product_cat":[51,60,57,82,125,81,52,61,62],"product_tag":[65,69],"class_list":{"0":"post-3291","1":"product","2":"type-product","3":"status-publish","4":"has-post-thumbnail","6":"product_cat-cursos-nauticos","7":"product_cat-navegacion-y-seguridad","8":"product_cat-patron-de-embarcaciones-de-recreo-per","9":"product_cat-per-motor","10":"product_cat-per-online","11":"product_cat-per-radio","12":"product_cat-practicas","13":"product_cat-radio","14":"product_cat-vela","15":"product_tag-oferta","16":"product_tag-online","18":"first","19":"instock","20":"sale","21":"virtual","22":"taxable","23":"purchasable","24":"product-type-simple"},"acf":[],"_links":{"self":[{"href":"https:\/\/escolanauticamedinya.com\/ca\/wp-json\/wp\/v2\/product\/3291","targetHints":{"allow":["GET"]}}],"collection":[{"href":"https:\/\/escolanauticamedinya.com\/ca\/wp-json\/wp\/v2\/product"}],"about":[{"href":"https:\/\/escolanauticamedinya.com\/ca\/wp-json\/wp\/v2\/types\/product"}],"replies":[{"embeddable":true,"href":"https:\/\/escolanauticamedinya.com\/ca\/wp-json\/wp\/v2\/comments?post=3291"}],"wp:featuredmedia":[{"embeddable":true,"href":"https:\/\/escolanauticamedinya.com\/ca\/wp-json\/wp\/v2\/media\/8317"}],"wp:attachment":[{"href":"https:\/\/escolanauticamedinya.com\/ca\/wp-json\/wp\/v2\/media?parent=3291"}],"wp:term":[{"taxonomy":"product_brand","embeddable":true,"href":"https:\/\/escolanauticamedinya.com\/ca\/wp-json\/wp\/v2\/product_brand?post=3291"},{"taxonomy":"product_cat","embeddable":true,"href":"https:\/\/escolanauticamedinya.com\/ca\/wp-json\/wp\/v2\/product_cat?post=3291"},{"taxonomy":"product_tag","embeddable":true,"href":"https:\/\/escolanauticamedinya.com\/ca\/wp-json\/wp\/v2\/product_tag?post=3291"}],"curies":[{"name":"wp","href":"https:\/\/api.w.org\/{rel}","templated":true}]}}